{"id":163996,"date":"2020-08-26T10:35:15","date_gmt":"2020-08-26T08:35:15","guid":{"rendered":"https:\/\/2023.internetfestival.it\/?page_id=163996"},"modified":"2023-09-29T19:55:49","modified_gmt":"2023-09-29T17:55:49","slug":"concept","status":"publish","type":"page","link":"https:\/\/2023.internetfestival.it\/en\/concept\/","title":{"rendered":"Concept #artificiale"},"content":{"rendered":"<p><span style=\"font-weight: 400;\"><strong>Artificiale<\/strong> \u00e8 ci\u00f2 che naturale non \u00e8. \u00c8<\/span><span style=\"font-weight: 400;\"> ci\u00f2 che \u00e8 creato ad hoc attraverso l&#8217;artificio. <\/span><span style=\"font-weight: 400;\">Ricorrere all\u2019<strong>artificio<\/strong> per migliorare la realt\u00e0, infatti, \u00e8 uno degli espedienti utilizzati da sempre. I materiali, gli strumenti, i prodotti che, nel tempo, hanno arricchito e caratterizzato la storia dell\u2019umanit\u00e0 sono tutti esempi della capacit\u00e0 umana di agire per evolvere le condizioni di vita in senso personale e collettivo. L\u2019arte poi \u00e8 l\u2019esempio pi\u00f9 emblematico di come l\u2019<strong>artificio<\/strong> possa generare bellezza.<\/span><\/p>\n<p><span style=\"font-weight: 400;\">L\u2019evoluzione continua e imperiosa dell\u2019innovazione digitale oggi consente di rendere \u201c<strong>artificiale<\/strong>\u201d qualsiasi aspetto della realt\u00e0, la dimensione pi\u00f9 fisica e tangibile che si possa pensare.\u00a0<\/span><\/p>\n<p><span style=\"font-weight: 400;\"><strong>Artificiali<\/strong> sono le macchine create per risolvere problemi complessi e prendere decisioni in ambienti reali.\u00a0<\/span><\/p>\n<p><span style=\"font-weight: 400;\"><strong>Artificiali<\/strong> sono gli strumenti ausiliari usati nella diagnostica medica e nelle previsioni del tempo. <strong>Artificiali<\/strong> sono gli ambienti virtuali dove simulare esperimenti e analizzarne i risultati.\u00a0<\/span><\/p>\n<p><span style=\"font-weight: 400;\"><strong>Artificiali<\/strong> sono i luoghi digitali dove addestrare, aggiornare e informare in merito a specifiche competenze: dalla guida delle automobili a quella degli aerei; da interventi di emergenza in ambito sicurezza a operazioni chirurgiche.\u00a0<\/span><\/p>\n<p><span style=\"font-weight: 400;\"><strong>Artificiali<\/strong> sono quegli ambienti di gioco in cui la fantascienza, la scienza e la tecnologia si mescolano in modo creativo per realizzare un&#8217;esperienza di gioco unica.<\/span><\/p>\n<p><span style=\"font-weight: 400;\"><strong>Artificiale<\/strong> \u00e8 il mondo delle relazioni interpersonali immateriali eppure cos\u00ec presenti nella vita di ognuno di noi.<\/span><\/p>\n<p><span style=\"font-weight: 400;\">La realt\u00e0 digitale pu\u00f2 rappresentare una modalit\u00e0 in cui le persone possono sperimentare idee nuove, sviluppare competenze creative e acquisire una pi\u00f9 profonda consapevolezza del loro ruolo nel mondo.<\/span><\/p>\n<p><span style=\"font-weight: 400;\">Anche la produzione artistica, infatti, campo principe per gli esseri umani di saggiare il proprio ingegno creativo nell\u2019applicare l\u2019<strong>artificio<\/strong>, pu\u00f2 prescindere dall\u2019ingegno umano per generare una creativit\u00e0 autonoma ed emulatoria fino ad essere, quasi, indistinguibile da quella che trae origine dal talento dell\u2019essere umano.<\/span><\/p>\n<p><span style=\"font-weight: 400;\">Insomma tante le opportunit\u00e0 connesse all\u2019applicazione <strong>artificiale<\/strong>, fonte di arricchimento e di sperimentazione, ma anche di illusione e inganno. Mantenere un pensiero critico e consapevole che comprenda e interpreti lo sviluppo tecnologico, sostenendolo se diretto al benessere comune e limitandolo se minaccia l\u2019ecosistema naturale, \u00e8 una responsabilit\u00e0 generale che implica una sfida etica importante: governare e indirizzare l\u2019evoluzione tecnologica e digitale valorizzando le caratteristiche proprie e distintive dell\u2019essere umano.<\/span><\/p>\n<p><span style=\"font-weight: 400;\">Qualche esempio? L\u2019intuizione, l\u2019esperienza, l\u2019originalit\u00e0, la compassione, la responsabilit\u00e0, l\u2019empatia, la reciprocit\u00e0\u2026<\/span><\/p>\n<p><span style=\"font-weight: 400;\">\u00a0<\/span><\/p>\n<p><span style=\"font-weight: 400;\"><strong>ATTENZIONE:<\/strong> questo concept potrebbe essere stato scritto da uno strumento di intelligenza <strong>artificiale<\/strong>. Appuntamento a IF2023 per scoprirlo.<\/span><\/p>","protected":false},"excerpt":{"rendered":"<p>Artificiale \u00e8 ci\u00f2 che naturale non \u00e8. \u00c8 ci\u00f2 che \u00e8 creato ad hoc attraverso &#8230; <a title=\"Concept #artificiale\" class=\"read-more\" href=\"https:\/\/2023.internetfestival.it\/en\/concept\/\" aria-label=\"More on Concept #artificiale\">Read more<\/a><\/p>","protected":false},"author":1,"featured_media":169241,"parent":0,"menu_order":0,"comment_status":"closed","ping_status":"closed","template":"","meta":[],"acf":[],"_links":{"self":[{"href":"https:\/\/2023.internetfestival.it\/en\/wp-json\/wp\/v2\/pages\/163996"}],"collection":[{"href":"https:\/\/2023.internetfestival.it\/en\/wp-json\/wp\/v2\/pages"}],"about":[{"href":"https:\/\/2023.internetfestival.it\/en\/wp-json\/wp\/v2\/types\/page"}],"author":[{"embeddable":true,"href":"https:\/\/2023.internetfestival.it\/en\/wp-json\/wp\/v2\/users\/1"}],"replies":[{"embeddable":true,"href":"https:\/\/2023.internetfestival.it\/en\/wp-json\/wp\/v2\/comments?post=163996"}],"version-history":[{"count":10,"href":"https:\/\/2023.internetfestival.it\/en\/wp-json\/wp\/v2\/pages\/163996\/revisions"}],"predecessor-version":[{"id":168960,"href":"https:\/\/2023.internetfestival.it\/en\/wp-json\/wp\/v2\/pages\/163996\/revisions\/168960"}],"wp:featuredmedia":[{"embeddable":true,"href":"https:\/\/2023.internetfestival.it\/en\/wp-json\/wp\/v2\/media\/169241"}],"wp:attachment":[{"href":"https:\/\/2023.internetfestival.it\/en\/wp-json\/wp\/v2\/media?parent=163996"}],"curies":[{"name":"wp","href":"https:\/\/api.w.org\/{rel}","templated":true}]}}